{"id":210,"date":"2025-09-15T14:38:20","date_gmt":"2025-09-15T11:38:20","guid":{"rendered":"https:\/\/veikals.bebra-speks.lv\/?page_id=210"},"modified":"2025-09-15T14:43:17","modified_gmt":"2025-09-15T11:43:17","slug":"kontakti","status":"publish","type":"page","link":"https:\/\/veikals.bebra-speks.lv\/index.php\/kontakti\/","title":{"rendered":"Kontakti"},"content":{"rendered":"\n<p class=\"has-text-align-center\"><strong>SIA &#8220;BEBRA SP\u0112KS&#8221;<\/strong><\/p>\n\n\n\n<p class=\"has-text-align-center\">Re\u0123.Nr. 50203455761<br>Juridisk\u0101 adrese: Kalnciema iela 95a- 1, LV1046, R\u012bga<br>Faktisk\u0101 adrese: &#8220;B\u0113rzi&#8221;, Pamp\u0101\u013cu pagasts, Saldus novads, LV3882<br>bebraspeks [@] inbox.lv<br>mob.tel. +371 27899691<\/p>\n\n\n\n<p><\/p>\n","protected":false},"excerpt":{"rendered":"<p>SIA &#8220;BEBRA SP\u0112KS&#8221; Re\u0123.Nr. 50203455761Juridisk\u0101 adrese: Kalnciema iela 95a- 1, LV1046, R\u012bgaFaktisk\u0101 adrese: &#8220;B\u0113rzi&#8221;, Pamp\u0101\u013cu pagasts, Saldus novads, LV3882bebraspeks [@] inbox.lvmob.tel. +371 27899691<\/p>\n","protected":false},"author":1,"featured_media":0,"parent":0,"menu_order":0,"comment_status":"closed","ping_status":"closed","template":"","meta":{"footnotes":""},"class_list":["post-210","page","type-page","status-publish","hentry"],"_links":{"self":[{"href":"https:\/\/veikals.bebra-speks.lv\/index.php\/wp-json\/wp\/v2\/pages\/210","targetHints":{"allow":["GET"]}}],"collection":[{"href":"https:\/\/veikals.bebra-speks.lv\/index.php\/wp-json\/wp\/v2\/pages"}],"about":[{"href":"https:\/\/veikals.bebra-speks.lv\/index.php\/wp-json\/wp\/v2\/types\/page"}],"author":[{"embeddable":true,"href":"https:\/\/veikals.bebra-speks.lv\/index.php\/wp-json\/wp\/v2\/users\/1"}],"replies":[{"embeddable":true,"href":"https:\/\/veikals.bebra-speks.lv\/index.php\/wp-json\/wp\/v2\/comments?post=210"}],"version-history":[{"count":3,"href":"https:\/\/veikals.bebra-speks.lv\/index.php\/wp-json\/wp\/v2\/pages\/210\/revisions"}],"predecessor-version":[{"id":216,"href":"https:\/\/veikals.bebra-speks.lv\/index.php\/wp-json\/wp\/v2\/pages\/210\/revisions\/216"}],"wp:attachment":[{"href":"https:\/\/veikals.bebra-speks.lv\/index.php\/wp-json\/wp\/v2\/media?parent=210"}],"curies":[{"name":"wp","href":"https:\/\/api.w.org\/{rel}","templated":true}]}}