{"id":7,"date":"2024-10-18T13:37:18","date_gmt":"2024-10-18T13:37:18","guid":{"rendered":"https:\/\/veikals.bebra-speks.lv\/index.php\/cart\/"},"modified":"2025-08-31T21:49:44","modified_gmt":"2025-08-31T18:49:44","slug":"cart","status":"publish","type":"page","link":"https:\/\/veikals.bebra-speks.lv\/index.php\/cart\/","title":{"rendered":"Grozs"},"content":{"rendered":"\n<div data-block-name=\"woocommerce\/cart\" class=\"wp-block-woocommerce-cart alignwide is-loading\">\n<div data-block-name=\"woocommerce\/filled-cart-block\" class=\"wp-block-woocommerce-filled-cart-block\">\n<div data-block-name=\"woocommerce\/cart-items-block\" class=\"wp-block-woocommerce-cart-items-block\">\n<div data-block-name=\"woocommerce\/cart-line-items-block\" class=\"wp-block-woocommerce-cart-line-items-block\"><\/div>\n\n\n\n<div data-block-name=\"woocommerce\/cart-cross-sells-block\" class=\"wp-block-woocommerce-cart-cross-sells-block\">\n<h2 class=\"wp-block-heading has-large-font-size\">You may be interested in\u2026<\/h2>\n\n\n\n<div data-block-name=\"woocommerce\/cart-cross-sells-products-block\" class=\"wp-block-woocommerce-cart-cross-sells-products-block\"><\/div>\n<\/div>\n<\/div>\n\n\n\n<div data-block-name=\"woocommerce\/cart-totals-block\" class=\"wp-block-woocommerce-cart-totals-block\">\n<div data-block-name=\"woocommerce\/cart-order-summary-block\" class=\"wp-block-woocommerce-cart-order-summary-block\">\n<div data-block-name=\"woocommerce\/cart-order-summary-heading-block\" class=\"wp-block-woocommerce-cart-order-summary-heading-block\"><\/div><div data-block-name=\"woocommerce\/cart-order-summary-coupon-form-block\" class=\"wp-block-woocommerce-cart-order-summary-coupon-form-block\"><\/div><div data-block-name=\"woocommerce\/cart-order-summary-totals-block\" class=\"wp-block-woocommerce-cart-order-summary-totals-block\">\n<div data-block-name=\"woocommerce\/cart-order-summary-subtotal-block\" class=\"wp-block-woocommerce-cart-order-summary-subtotal-block\"><\/div>\n<div data-block-name=\"woocommerce\/cart-order-summary-discount-block\" class=\"wp-block-woocommerce-cart-order-summary-discount-block\"><\/div>\n<div data-block-name=\"woocommerce\/cart-order-summary-fee-block\" class=\"wp-block-woocommerce-cart-order-summary-fee-block\"><\/div>\n<div data-block-name=\"woocommerce\/cart-order-summary-shipping-block\" class=\"wp-block-woocommerce-cart-order-summary-shipping-block\"><\/div>\n<div data-block-name=\"woocommerce\/cart-order-summary-taxes-block\" class=\"wp-block-woocommerce-cart-order-summary-taxes-block\"><\/div><\/div>\n<\/div>\n\n\n\n<div data-block-name=\"woocommerce\/cart-express-payment-block\" class=\"wp-block-woocommerce-cart-express-payment-block\"><\/div>\n\n\n\n<div data-block-name=\"woocommerce\/proceed-to-checkout-block\" class=\"wp-block-woocommerce-proceed-to-checkout-block\"><\/div>\n\n\n\n<div data-block-name=\"woocommerce\/cart-accepted-payment-methods-block\" class=\"wp-block-woocommerce-cart-accepted-payment-methods-block\"><\/div>\n<\/div>\n<\/div>\n\n\n\n<div data-block-name=\"woocommerce\/empty-cart-block\" class=\"wp-block-woocommerce-empty-cart-block\">\n<h2 class=\"wp-block-heading has-text-align-center with-empty-cart-icon wc-block-cart__empty-cart__title\">Your cart is currently empty!<\/h2>\n\n\n\n<hr class=\"wp-block-separator has-alpha-channel-opacity is-style-dots\"\/>\n\n\n\n<h2 class=\"wp-block-heading has-text-align-center\">New in store<\/h2>\n\n\n<div data-block-name=\"woocommerce\/product-new\" data-columns=\"4\" data-rows=\"1\" class=\"wc-block-grid wp-block-product-new wp-block-woocommerce-product-new wc-block-product-new has-4-columns\"><ul class=\"wc-block-grid__products\"><li class=\"wc-block-grid__product\">\n\t\t\t\t<a href=\"https:\/\/veikals.bebra-speks.lv\/index.php\/product\/bebru-galas-sterilizetu-konservu-izlase\/\" class=\"wc-block-grid__product-link\">\n\t\t\t\t\t<div class=\"wc-block-grid__product-onsale\">\n\t\t\t<span aria-hidden=\"true\">P\u0101rdo\u0161ana<\/span>\n\t\t\t<span class=\"screen-reader-text\">Precei ir atlaide<\/span>\n\t\t<\/div>\n\t\t\t\t\t<div class=\"wc-block-grid__product-image\"><img loading=\"lazy\" decoding=\"async\" width=\"324\" height=\"324\" src=\"https:\/\/veikals.bebra-speks.lv\/wp-content\/uploads\/2025\/09\/20250908_194324-Copy-324x324.jpg\" class=\"attachment-woocommerce_thumbnail size-woocommerce_thumbnail\" alt=\"Bebru ga\u013cas steriliz\u0113tu konservu izlase\" srcset=\"https:\/\/veikals.bebra-speks.lv\/wp-content\/uploads\/2025\/09\/20250908_194324-Copy-324x324.jpg 324w, https:\/\/veikals.bebra-speks.lv\/wp-content\/uploads\/2025\/09\/20250908_194324-Copy-150x150.jpg 150w, https:\/\/veikals.bebra-speks.lv\/wp-content\/uploads\/2025\/09\/20250908_194324-Copy-100x100.jpg 100w\" sizes=\"auto, (max-width: 324px) 100vw, 324px\" \/><\/div>\n\t\t\t\t\t<div class=\"wc-block-grid__product-title\">Bebru ga\u013cas steriliz\u0113tu konservu izlase<\/div>\n\t\t\t\t<\/a>\n\t\t\t\t<div class=\"wc-block-grid__product-price price\"><del aria-hidden=\"true\"><span class=\"woocommerce-Price-amount amount\">15,30&nbsp;<span class=\"woocommerce-Price-currencySymbol\">&euro;<\/span><\/span><\/del> <span class=\"screen-reader-text\">Original price was: 15,30&nbsp;&euro;.<\/span><ins aria-hidden=\"true\"><span class=\"woocommerce-Price-amount amount\">14,00&nbsp;<span class=\"woocommerce-Price-currencySymbol\">&euro;<\/span><\/span><\/ins><span class=\"screen-reader-text\">Current price is: 14,00&nbsp;&euro;.<\/span><\/div>\n\t\t\t\t\n\t\t\t\t<div class=\"wp-block-button wc-block-grid__product-add-to-cart\"><a href=\"\/index.php\/wp-json\/wp\/v2\/pages\/7?add-to-cart=203\" aria-label=\"Add to cart: &ldquo;Bebru ga\u013cas steriliz\u0113tu konservu izlase&rdquo;\" data-quantity=\"1\" data-product_id=\"203\" data-product_sku=\"\" data-price=\"14\" rel=\"nofollow\" class=\"wp-block-button__link  add_to_cart_button ajax_add_to_cart\">Pievienot grozam<\/a><\/div>\n\t\t\t<\/li><li class=\"wc-block-grid__product\">\n\t\t\t\t<a href=\"https:\/\/veikals.bebra-speks.lv\/index.php\/product\/briezu-galas-sterilizetu-konservu-izlase\/\" class=\"wc-block-grid__product-link\">\n\t\t\t\t\t<div class=\"wc-block-grid__product-onsale\">\n\t\t\t<span aria-hidden=\"true\">P\u0101rdo\u0161ana<\/span>\n\t\t\t<span class=\"screen-reader-text\">Precei ir atlaide<\/span>\n\t\t<\/div>\n\t\t\t\t\t<div class=\"wc-block-grid__product-image\"><img loading=\"lazy\" decoding=\"async\" width=\"324\" height=\"324\" src=\"https:\/\/veikals.bebra-speks.lv\/wp-content\/uploads\/2025\/09\/20250908_194240-Copy-324x324.jpg\" class=\"attachment-woocommerce_thumbnail size-woocommerce_thumbnail\" alt=\"Brie\u017eu ga\u013cas steriliz\u0113tu konservu izlase\" srcset=\"https:\/\/veikals.bebra-speks.lv\/wp-content\/uploads\/2025\/09\/20250908_194240-Copy-324x324.jpg 324w, https:\/\/veikals.bebra-speks.lv\/wp-content\/uploads\/2025\/09\/20250908_194240-Copy-150x150.jpg 150w, https:\/\/veikals.bebra-speks.lv\/wp-content\/uploads\/2025\/09\/20250908_194240-Copy-100x100.jpg 100w\" sizes=\"auto, (max-width: 324px) 100vw, 324px\" \/><\/div>\n\t\t\t\t\t<div class=\"wc-block-grid__product-title\">Brie\u017eu ga\u013cas steriliz\u0113tu konservu izlase<\/div>\n\t\t\t\t<\/a>\n\t\t\t\t<div class=\"wc-block-grid__product-price price\"><del aria-hidden=\"true\"><span class=\"woocommerce-Price-amount amount\">14,90&nbsp;<span class=\"woocommerce-Price-currencySymbol\">&euro;<\/span><\/span><\/del> <span class=\"screen-reader-text\">Original price was: 14,90&nbsp;&euro;.<\/span><ins aria-hidden=\"true\"><span class=\"woocommerce-Price-amount amount\">13,50&nbsp;<span class=\"woocommerce-Price-currencySymbol\">&euro;<\/span><\/span><\/ins><span class=\"screen-reader-text\">Current price is: 13,50&nbsp;&euro;.<\/span><\/div>\n\t\t\t\t\n\t\t\t\t<div class=\"wp-block-button wc-block-grid__product-add-to-cart\"><a href=\"\/index.php\/wp-json\/wp\/v2\/pages\/7?add-to-cart=199\" aria-label=\"Add to cart: &ldquo;Brie\u017eu ga\u013cas steriliz\u0113tu konservu izlase&rdquo;\" data-quantity=\"1\" data-product_id=\"199\" data-product_sku=\"\" data-price=\"13.5\" rel=\"nofollow\" class=\"wp-block-button__link  add_to_cart_button ajax_add_to_cart\">Pievienot grozam<\/a><\/div>\n\t\t\t<\/li><li class=\"wc-block-grid__product\">\n\t\t\t\t<a href=\"https:\/\/veikals.bebra-speks.lv\/index.php\/product\/bebra-muskusa-dziedzeru-uztura-bagatinataja-un-bebra-galas-konservu-davanas-komplekts\/\" class=\"wc-block-grid__product-link\">\n\t\t\t\t\t\n\t\t\t\t\t<div class=\"wc-block-grid__product-image\"><img loading=\"lazy\" decoding=\"async\" width=\"324\" height=\"324\" src=\"https:\/\/veikals.bebra-speks.lv\/wp-content\/uploads\/2025\/08\/bebra-speks-davanu-komplekts-324x324.jpg\" class=\"attachment-woocommerce_thumbnail size-woocommerce_thumbnail\" alt=\"Bebra muskusa dziedzeru uztura bag\u0101tin\u0101t\u0101ja un bebra ga\u013cas konservu d\u0101vanas komplekts\" srcset=\"https:\/\/veikals.bebra-speks.lv\/wp-content\/uploads\/2025\/08\/bebra-speks-davanu-komplekts-324x324.jpg 324w, https:\/\/veikals.bebra-speks.lv\/wp-content\/uploads\/2025\/08\/bebra-speks-davanu-komplekts-150x150.jpg 150w, https:\/\/veikals.bebra-speks.lv\/wp-content\/uploads\/2025\/08\/bebra-speks-davanu-komplekts-100x100.jpg 100w\" sizes=\"auto, (max-width: 324px) 100vw, 324px\" \/><\/div>\n\t\t\t\t\t<div class=\"wc-block-grid__product-title\">Bebra muskusa dziedzeru uztura bag\u0101tin\u0101t\u0101ja un bebra ga\u013cas konservu d\u0101vanas komplekts<\/div>\n\t\t\t\t<\/a>\n\t\t\t\t<div class=\"wc-block-grid__product-price price\"><span class=\"woocommerce-Price-amount amount\">37,50&nbsp;<span class=\"woocommerce-Price-currencySymbol\">&euro;<\/span><\/span><\/div>\n\t\t\t\t\n\t\t\t\t<div class=\"wp-block-button wc-block-grid__product-add-to-cart\"><a href=\"\/index.php\/wp-json\/wp\/v2\/pages\/7?add-to-cart=158\" aria-label=\"Add to cart: &ldquo;Bebra muskusa dziedzeru uztura bag\u0101tin\u0101t\u0101ja un bebra ga\u013cas konservu d\u0101vanas komplekts&rdquo;\" data-quantity=\"1\" data-product_id=\"158\" data-product_sku=\"\" data-price=\"37.5\" rel=\"nofollow\" class=\"wp-block-button__link  add_to_cart_button ajax_add_to_cart\">Pievienot grozam<\/a><\/div>\n\t\t\t<\/li><li class=\"wc-block-grid__product\">\n\t\t\t\t<a href=\"https:\/\/veikals.bebra-speks.lv\/index.php\/product\/brieza-aknu-pastete-ar-plumem\/\" class=\"wc-block-grid__product-link\">\n\t\t\t\t\t\n\t\t\t\t\t<div class=\"wc-block-grid__product-image\"><img loading=\"lazy\" decoding=\"async\" width=\"324\" height=\"324\" src=\"https:\/\/veikals.bebra-speks.lv\/wp-content\/uploads\/2025\/08\/brieza-aknu-pastete-ar-plumem-240g-324x324.jpg\" class=\"attachment-woocommerce_thumbnail size-woocommerce_thumbnail\" alt=\"Brie\u017ea aknu past\u0113te ar pl\u016bm\u0113m\" srcset=\"https:\/\/veikals.bebra-speks.lv\/wp-content\/uploads\/2025\/08\/brieza-aknu-pastete-ar-plumem-240g-324x324.jpg 324w, https:\/\/veikals.bebra-speks.lv\/wp-content\/uploads\/2025\/08\/brieza-aknu-pastete-ar-plumem-240g-300x300.jpg 300w, https:\/\/veikals.bebra-speks.lv\/wp-content\/uploads\/2025\/08\/brieza-aknu-pastete-ar-plumem-240g-150x150.jpg 150w, https:\/\/veikals.bebra-speks.lv\/wp-content\/uploads\/2025\/08\/brieza-aknu-pastete-ar-plumem-240g-768x768.jpg 768w, https:\/\/veikals.bebra-speks.lv\/wp-content\/uploads\/2025\/08\/brieza-aknu-pastete-ar-plumem-240g-416x416.jpg 416w, https:\/\/veikals.bebra-speks.lv\/wp-content\/uploads\/2025\/08\/brieza-aknu-pastete-ar-plumem-240g-100x100.jpg 100w, https:\/\/veikals.bebra-speks.lv\/wp-content\/uploads\/2025\/08\/brieza-aknu-pastete-ar-plumem-240g.jpg 920w\" sizes=\"auto, (max-width: 324px) 100vw, 324px\" \/><\/div>\n\t\t\t\t\t<div class=\"wc-block-grid__product-title\">Brie\u017ea aknu past\u0113te ar pl\u016bm\u0113m<\/div>\n\t\t\t\t<\/a>\n\t\t\t\t<div class=\"wc-block-grid__product-price price\"><span class=\"woocommerce-Price-amount amount\">4,95&nbsp;<span class=\"woocommerce-Price-currencySymbol\">&euro;<\/span><\/span><\/div>\n\t\t\t\t\n\t\t\t\t<div class=\"wp-block-button wc-block-grid__product-add-to-cart\"><a href=\"\/index.php\/wp-json\/wp\/v2\/pages\/7?add-to-cart=153\" aria-label=\"Add to cart: &ldquo;Brie\u017ea aknu past\u0113te ar pl\u016bm\u0113m&rdquo;\" data-quantity=\"1\" data-product_id=\"153\" data-product_sku=\"\" data-price=\"4.95\" rel=\"nofollow\" class=\"wp-block-button__link  add_to_cart_button ajax_add_to_cart\">Pievienot grozam<\/a><\/div>\n\t\t\t<\/li><\/ul><\/div><\/div>\n<\/div>\n","protected":false},"excerpt":{"rendered":"","protected":false},"author":1,"featured_media":0,"parent":0,"menu_order":0,"comment_status":"closed","ping_status":"closed","template":"","meta":{"footnotes":""},"class_list":["post-7","page","type-page","status-publish","hentry"],"_links":{"self":[{"href":"https:\/\/veikals.bebra-speks.lv\/index.php\/wp-json\/wp\/v2\/pages\/7","targetHints":{"allow":["GET"]}}],"collection":[{"href":"https:\/\/veikals.bebra-speks.lv\/index.php\/wp-json\/wp\/v2\/pages"}],"about":[{"href":"https:\/\/veikals.bebra-speks.lv\/index.php\/wp-json\/wp\/v2\/types\/page"}],"author":[{"embeddable":true,"href":"https:\/\/veikals.bebra-speks.lv\/index.php\/wp-json\/wp\/v2\/users\/1"}],"replies":[{"embeddable":true,"href":"https:\/\/veikals.bebra-speks.lv\/index.php\/wp-json\/wp\/v2\/comments?post=7"}],"version-history":[{"count":2,"href":"https:\/\/veikals.bebra-speks.lv\/index.php\/wp-json\/wp\/v2\/pages\/7\/revisions"}],"predecessor-version":[{"id":117,"href":"https:\/\/veikals.bebra-speks.lv\/index.php\/wp-json\/wp\/v2\/pages\/7\/revisions\/117"}],"wp:attachment":[{"href":"https:\/\/veikals.bebra-speks.lv\/index.php\/wp-json\/wp\/v2\/media?parent=7"}],"curies":[{"name":"wp","href":"https:\/\/api.w.org\/{rel}","templated":true}]}}