{"id":158,"date":"2025-08-23T01:32:39","date_gmt":"2025-08-22T22:32:39","guid":{"rendered":"https:\/\/veikals.bebra-speks.lv\/?post_type=product&#038;p=158"},"modified":"2026-03-22T19:50:41","modified_gmt":"2026-03-22T17:50:41","slug":"bebra-muskusa-dziedzeru-uztura-bagatinataja-un-bebra-galas-konservu-davanas-komplekts","status":"publish","type":"product","link":"https:\/\/veikals.bebra-speks.lv\/index.php\/product\/bebra-muskusa-dziedzeru-uztura-bagatinataja-un-bebra-galas-konservu-davanas-komplekts\/","title":{"rendered":"Bebra muskusa dziedzeru uztura bag\u0101tin\u0101t\u0101ja un bebra ga\u013cas konservu d\u0101vanas komplekts"},"content":{"rendered":"<p>Komplekts sast\u0101v no:<\/p>\n<p>1. Uztura bag\u0101tin\u0101t\u0101js <strong>&#8220;Bebra muskusa dziedzeru kapsulas&#8221;<\/strong>, SIA &#8220;Bebra sp\u0113ks&#8221;, 30 kapsulas<\/p>\n<p style=\"padding-left: 40px;\">Kapsulu sast\u0101vs ieg\u016bts no bebra muskusa dziedzeriem (Castor Glands), tos izkalt\u0113jot un smalki sama\u013cot l\u012bdz pulvera veida frakcijai un izsij\u0101jot pirms pild\u012b\u0161anas \u017eelant\u012bna kapsul\u0101s. T\u0101d\u0113j\u0101di kapsula satur tikai 100% bebru muskusa dziedzeru.<br \/>\nSast\u0101vs: vien\u0101 \u017eelat\u012bna kapsul\u0101: kalt\u0113ti, malti bebru muskusa dziedzeri (400 mg), \u017eelat\u012bna kapsula (100 mg). Olbaltumvielu daudzums vien\u0101 kapsul\u0101 164,5 mg.<br \/>\nIeteicam\u0101 diennakts deva \u2013 1 kapsula.<br \/>\n<strong>Lieto\u0161ana:<\/strong>\u00a0Pieaugu\u0161ajiem pa 1 kapsulai dien\u0101 no r\u012bta tuk\u0161\u0101 d\u016b\u0161\u0101, uzdzerot gl\u0101zi \u016bdens.<br \/>\n<strong>Br\u012bdin\u0101jums!<\/strong>\u00a0Neizmantot uztura bag\u0101tin\u0101t\u0101ju k\u0101 pilnv\u0113rt\u012bga un sabalans\u0113ta uztura aizvietot\u0101ju! Nep\u0101rsniegt ieteicamo diennakts devu. Nav piem\u0113rots b\u0113rniem, gr\u016btniec\u0113m un b\u0113rnu z\u012bd\u012b\u0161anas period\u0101. Glab\u0101t b\u0113rniem nepieejam\u0101 viet\u0101!<\/p>\n<p style=\"padding-left: 40px;\">Uzglab\u0101t saus\u0101 viet\u0101, sarg\u0101jot no mitruma, temperat\u016br\u0101 l\u012bdz +25\u00b0C. Uzglab\u0101t ori\u0123in\u0101laj\u0101 iepakojum\u0101.<br \/>\nRa\u017eot\u0101js: SIA Bebra Sp\u0113ks<\/p>\n<p>2. Steriliz\u0113ti ga\u013cas konservi &#8220;<strong>Saut\u0113ta, griezta bebra ga\u013ca ar pl\u016bm\u0113m<\/strong>&#8220;, SIA &#8220;Bebra sp\u0113ks&#8221;, neto masa 240 grami.<\/p>\n<p style=\"padding-left: 40px;\">Sast\u0101vs: bebra ga\u013ca (88%), pl\u016bmes (5%), \u016bdens, s\u0101ls, \u0137iploki, melnie pipari. Uzturv\u0113rt\u012bba (uz 100 g): Ener\u0123\u0113tisk\u0101 v\u0113rt\u012bba 248 kal.(1010kj) \/ Tauki 3g \/ Og\u013chidr\u0101ti 0,2 g \/ Olbaltumvielas 19g \/ S\u0101ls 1,2 g<\/p>\n<p style=\"padding-left: 40px;\">Ra\u017eots Z\/S &#8220;Rubu\u013ci&#8221;, Za\u0146as pagasta Saldus novad\u0101, PVD re\u0123. Nr. 061258. Izgatavots p\u0113c SIA &#8220;Bebra sp\u0113ks&#8221; pas\u016bt\u012bjuma. Uzglab\u0101t temperat\u016br\u0101 +3 &#8211; + 25 \u00b0C. Ieteicams l\u012bdz: skat\u012bt uz iepakojuma.<\/p>\n<p>3. Steriliz\u0113ti ga\u013cas konservi &#8220;<strong>Saut\u0113ta, griezta bebra ga\u013ca ar dz\u0113rven\u0113m<\/strong>&#8220;, SIA &#8220;Bebra sp\u0113ks&#8221;, neto masa 240 grami.<\/p>\n<p style=\"padding-left: 40px;\">Sast\u0101vs: bebra ga\u013ca (88%), dz\u0113rvenes (5%), \u016bdens, s\u0101ls, \u0137iploki, melnie pipari. Uzturv\u0113rt\u012bba (uz 100 g): Ener\u0123\u0113tisk\u0101 v\u0113rt\u012bba 248 kal.(1010kj) \/ Tauki 3g \/ Og\u013chidr\u0101ti 0,2 g \/ Olbaltumvielas 19g \/ S\u0101ls 1,2 g<\/p>\n<p style=\"padding-left: 40px;\">Ra\u017eots Z\/S &#8220;Rubu\u013ci&#8221;, Za\u0146as pagasta Saldus novad\u0101, PVD re\u0123. Nr. 061258. Izgatavots p\u0113c SIA &#8220;Bebra sp\u0113ks&#8221; pas\u016bt\u012bjuma. Uzglab\u0101t temperat\u016br\u0101 +3 &#8211; + 25 \u00b0C. Ieteicams l\u012bdz: skat\u012bt uz iepakojuma.<\/p>\n<p>4. Steriliz\u0113ti ga\u013cas konservi &#8220;<strong>Saut\u0113ta, griezta bebra ga\u013ca<\/strong>&#8220;, SIA &#8220;Bebra sp\u0113ks&#8221;, neto masa 310 grami.<\/p>\n<p style=\"padding-left: 40px;\">Sast\u0101vs: bebra ga\u013ca (90%), \u016bdens, s\u0101ls, \u0137iploki, melnie pipari. Uzturv\u0113rt\u012bba\u00a0 (uz 100g): Ener\u0123\u0113tisk\u0101 v\u0113rt\u012bba 248 kal.(1010kj) \/ Tauki 3g \/ Og\u013chidr\u0101ti 0,2 g \/ Olbaltumvielas 19g \/ S\u0101ls 1,2 g<\/p>\n<p style=\"padding-left: 40px;\">Ra\u017eots Z\/S &#8220;Rubu\u013ci&#8221;, Za\u0146as pagasta Saldus novad\u0101, PVD re\u0123. Nr. 061258. Izgatavots p\u0113c SIA &#8220;Bebra sp\u0113ks&#8221; pas\u016bt\u012bjuma. Uzglab\u0101t temperat\u016br\u0101 +3 &#8211; + 25 \u00b0C. Ieteicams l\u012bdz: skat\u012bt uz iepakojuma.<\/p>\n","protected":false},"excerpt":{"rendered":"<p>1x Uztura bag\u0101tin\u0101t\u0101js <strong>&#8220;Bebra muskusa dziedzeru kapsulas&#8221;<\/strong>, 30 kapsulas;<\/p>\n<p>1x Steriliz\u0113ti ga\u013cas konservi &#8220;<strong>Saut\u0113ta, griezta bebra ga\u013ca ar pl\u016bm\u0113m<\/strong>&#8220;, neto masa 240 grami;<\/p>\n<p>1x Steriliz\u0113ti ga\u013cas konservi &#8220;<strong>Saut\u0113ta, griezta bebra ga\u013ca ar dz\u0113rven\u0113m<\/strong>&#8220;, neto masa 240 grami;<\/p>\n<p>1x Steriliz\u0113ti ga\u013cas konservi &#8220;<strong>Saut\u0113ta, griezta bebra ga\u013ca<\/strong>&#8220;, neto masa 310 grami.<\/p>\n","protected":false},"featured_media":159,"comment_status":"open","ping_status":"closed","template":"","meta":[],"product_brand":[],"product_cat":[19,20,26],"product_tag":[],"class_list":{"0":"post-158","1":"product","2":"type-product","3":"status-publish","4":"has-post-thumbnail","6":"product_cat-bebra-produkti","7":"product_cat-brieza-produkti","8":"product_cat-uztura-bagatinataji","10":"first","11":"instock","12":"shipping-taxable","13":"purchasable","14":"product-type-simple"},"_links":{"self":[{"href":"https:\/\/veikals.bebra-speks.lv\/index.php\/wp-json\/wp\/v2\/product\/158","targetHints":{"allow":["GET"]}}],"collection":[{"href":"https:\/\/veikals.bebra-speks.lv\/index.php\/wp-json\/wp\/v2\/product"}],"about":[{"href":"https:\/\/veikals.bebra-speks.lv\/index.php\/wp-json\/wp\/v2\/types\/product"}],"replies":[{"embeddable":true,"href":"https:\/\/veikals.bebra-speks.lv\/index.php\/wp-json\/wp\/v2\/comments?post=158"}],"wp:featuredmedia":[{"embeddable":true,"href":"https:\/\/veikals.bebra-speks.lv\/index.php\/wp-json\/wp\/v2\/media\/159"}],"wp:attachment":[{"href":"https:\/\/veikals.bebra-speks.lv\/index.php\/wp-json\/wp\/v2\/media?parent=158"}],"wp:term":[{"taxonomy":"product_brand","embeddable":true,"href":"https:\/\/veikals.bebra-speks.lv\/index.php\/wp-json\/wp\/v2\/product_brand?post=158"},{"taxonomy":"product_cat","embeddable":true,"href":"https:\/\/veikals.bebra-speks.lv\/index.php\/wp-json\/wp\/v2\/product_cat?post=158"},{"taxonomy":"product_tag","embeddable":true,"href":"https:\/\/veikals.bebra-speks.lv\/index.php\/wp-json\/wp\/v2\/product_tag?post=158"}],"curies":[{"name":"wp","href":"https:\/\/api.w.org\/{rel}","templated":true}]}}