{"id":199,"date":"2025-09-13T11:30:45","date_gmt":"2025-09-13T08:30:45","guid":{"rendered":"https:\/\/veikals.bebra-speks.lv\/?post_type=product&#038;p=199"},"modified":"2025-09-13T11:30:45","modified_gmt":"2025-09-13T08:30:45","slug":"briezu-galas-sterilizetu-konservu-izlase","status":"publish","type":"product","link":"https:\/\/veikals.bebra-speks.lv\/index.php\/product\/briezu-galas-sterilizetu-konservu-izlase\/","title":{"rendered":"Brie\u017eu ga\u013cas steriliz\u0113tu konservu izlase"},"content":{"rendered":"<p>Brie\u017eu ga\u013cas steriliz\u0113tu konservu izlase, kur\u0101 ietilpst:<\/p>\n<ul>\n<li>Saut\u0113tas, grieztas brie\u017ea ga\u013cas konservs ar d\u0101rze\u0146iem, SIA &#8220;Bebra sp\u0113ks&#8221;, neto masa 310 grami;<\/li>\n<li>Saut\u0113tas, grieztas brie\u017ea ga\u013cas konservs ar tom\u0101tu pastu, SIA &#8220;Bebra sp\u0113ks&#8221;, neto masa 310 grami;<\/li>\n<li>Saut\u0113tas, grieztas brie\u017ea ga\u013cas konservs, SIA &#8220;Bebra sp\u0113ks&#8221;, neto masa 310 grami;<\/li>\n<\/ul>\n<p>Ra\u017eots Z\/S &#8220;Rubu\u013ci&#8221;, Za\u0146as pagasta Saldus novad\u0101, Latvij\u0101. PVD re\u0123. Nr. 061258.<\/p>\n<p>Izgatavots p\u0113c SIA &#8220;Bebra sp\u0113ks&#8221; pas\u016bt\u012bjuma.<\/p>\n<p>Uzgalab\u0101t temperat\u016br\u0101 +3 &#8211; + 25 \u00b0C.<\/p>\n<p>Ieteicams l\u012bdz: skat\u012bt uz iepakojuma.<\/p>\n","protected":false},"excerpt":{"rendered":"<p>Brie\u017eu ga\u013cas steriliz\u0113tu konservu izlase, kur\u0101 ietilpst: Saut\u0113tas, grieztas brie\u017ea ga\u013cas konservs ar d\u0101rze\u0146iem, SIA &#8220;Bebra sp\u0113ks&#8221;, neto masa 310 grami; Saut\u0113tas, grieztas brie\u017ea ga\u013cas konservs ar tom\u0101tu pastu, SIA &#8220;Bebra sp\u0113ks&#8221;, neto masa 310 grami; Saut\u0113tas, grieztas brie\u017ea ga\u013cas konservs, SIA &#8220;Bebra sp\u0113ks&#8221;, neto masa 310 grami; Ra\u017eots Z\/S &#8220;Rubu\u013ci&#8221;, Za\u0146as pagasta Saldus novad\u0101, [&hellip;]<\/p>\n","protected":false},"featured_media":200,"comment_status":"open","ping_status":"closed","template":"","meta":[],"product_brand":[],"product_cat":[20],"product_tag":[],"class_list":{"0":"post-199","1":"product","2":"type-product","3":"status-publish","4":"has-post-thumbnail","6":"product_cat-brieza-produkti","8":"first","9":"instock","10":"sale","11":"shipping-taxable","12":"purchasable","13":"product-type-simple"},"_links":{"self":[{"href":"https:\/\/veikals.bebra-speks.lv\/index.php\/wp-json\/wp\/v2\/product\/199","targetHints":{"allow":["GET"]}}],"collection":[{"href":"https:\/\/veikals.bebra-speks.lv\/index.php\/wp-json\/wp\/v2\/product"}],"about":[{"href":"https:\/\/veikals.bebra-speks.lv\/index.php\/wp-json\/wp\/v2\/types\/product"}],"replies":[{"embeddable":true,"href":"https:\/\/veikals.bebra-speks.lv\/index.php\/wp-json\/wp\/v2\/comments?post=199"}],"wp:featuredmedia":[{"embeddable":true,"href":"https:\/\/veikals.bebra-speks.lv\/index.php\/wp-json\/wp\/v2\/media\/200"}],"wp:attachment":[{"href":"https:\/\/veikals.bebra-speks.lv\/index.php\/wp-json\/wp\/v2\/media?parent=199"}],"wp:term":[{"taxonomy":"product_brand","embeddable":true,"href":"https:\/\/veikals.bebra-speks.lv\/index.php\/wp-json\/wp\/v2\/product_brand?post=199"},{"taxonomy":"product_cat","embeddable":true,"href":"https:\/\/veikals.bebra-speks.lv\/index.php\/wp-json\/wp\/v2\/product_cat?post=199"},{"taxonomy":"product_tag","embeddable":true,"href":"https:\/\/veikals.bebra-speks.lv\/index.php\/wp-json\/wp\/v2\/product_tag?post=199"}],"curies":[{"name":"wp","href":"https:\/\/api.w.org\/{rel}","templated":true}]}}