{"id":38,"date":"2024-10-18T13:45:29","date_gmt":"2024-10-18T13:45:29","guid":{"rendered":"https:\/\/veikals.bebra-speks.lv\/?post_type=product&#038;p=38"},"modified":"2025-09-13T10:49:21","modified_gmt":"2025-09-13T07:49:21","slug":"uztura-bagatinatajs-bebra-muskusa-dziedzeru-kapsulas","status":"publish","type":"product","link":"https:\/\/veikals.bebra-speks.lv\/index.php\/product\/uztura-bagatinatajs-bebra-muskusa-dziedzeru-kapsulas\/","title":{"rendered":"Uztura bag\u0101tin\u0101t\u0101js \u201cBebra muskusa dziedzeru kapsulas\u201d"},"content":{"rendered":"<p><strong>Uztura bag\u0101tin\u0101t\u0101js \u201cBebra muskusa dziedzeru kapsulas\u201d, <\/strong>SIA &#8220;Bebra sp\u0113ks&#8221;, 30 kapsulas<\/p>\n<p>Kapsulu sast\u0101vs ieg\u016bts no bebra muskusa dziedzeriem (Castor Glands), tos izkalt\u0113jot un smalki sama\u013cot l\u012bdz pulvera veida frakcijai un izsij\u0101jot pirms pild\u012b\u0161anas \u017eelant\u012bna kapsul\u0101s. T\u0101d\u0113j\u0101di kapsula satur tikai 100% bebru muskusa dziedzeru.<br \/>\nSast\u0101vs: vien\u0101 \u017eelat\u012bna kapsul\u0101: kalt\u0113ti, malti bebru muskusa dziedzeri (400 mg), \u017eelat\u012bna kapsula (100 mg). Olbaltumvielu daudzums vien\u0101 kapsul\u0101 164,5 mg.<br \/>\n<strong>Ieteicam\u0101 diennakts deva<\/strong> \u2013 1 kapsula.<br \/>\n<strong>Lieto\u0161ana &#8211;<\/strong> Pieaugu\u0161ajiem pa 1 kapsulai dien\u0101 no r\u012bta tuk\u0161\u0101 d\u016b\u0161\u0101, uzdzerot gl\u0101zi \u016bdens.<br \/>\nBr\u012bdin\u0101jums! Neizmantot uztura bag\u0101tin\u0101t\u0101ju k\u0101 pilnv\u0113rt\u012bga un sabalans\u0113ta uztura aizvietot\u0101ju! Nep\u0101rsniegt ieteicamo diennakts devu. Nav piem\u0113rots b\u0113rniem, gr\u016btniec\u0113m un b\u0113rnu z\u012bd\u012b\u0161anas period\u0101.<br \/>\nGlab\u0101t b\u0113rniem nepieejam\u0101 viet\u0101! Uzglab\u0101t saus\u0101 viet\u0101, sarg\u0101jot no mitruma, temperat\u016br\u0101 l\u012bdz +25\u00b0C. Uzglab\u0101t ori\u0123in\u0101laj\u0101 iepakojum\u0101.<\/p>\n<p><strong>Ra\u017eot\u0101js:<\/strong> SIA Bebra Sp\u0113ks<\/p>\n<p>*Piez\u012bme. Uztura bag\u0101tin\u0101t\u0101ju nedr\u012bkst izmantot k\u0101 p\u0101rtikas aizst\u0101j\u0113ju. Nep\u0101rsniedziet ieteikto devu.<\/p>\n<p>Uzglab\u0101t b\u0113rniem nepieejam\u0101 viet\u0101.<\/p>\n<p>&nbsp;<\/p>\n<p>Papildus inform\u0101cija pieejama \u0161eit: https:\/\/www.bebra-speks.lv\/produkcija\/bebra-muskusa-dziedzeru-kapsulas\/<\/p>\n","protected":false},"excerpt":{"rendered":"<p>Bebra muskusa dziedzeru lieto\u0161ana tautas medc\u012bna jau izsenis ir bijusi zin\u0101ma un iecien\u012bta, bet nu to varam pied\u0101v\u0101t Jums, lai t\u0101l\u0101k \u0161is dabas sp\u0113ks tiku nodots pat\u0113r\u0113t\u0101jiem.<\/p>\n","protected":false},"featured_media":39,"comment_status":"open","ping_status":"closed","template":"","meta":[],"product_brand":[],"product_cat":[19,26],"product_tag":[],"class_list":{"0":"post-38","1":"product","2":"type-product","3":"status-publish","4":"has-post-thumbnail","6":"product_cat-bebra-produkti","7":"product_cat-uztura-bagatinataji","9":"first","10":"instock","11":"sale","12":"shipping-taxable","13":"purchasable","14":"product-type-simple"},"_links":{"self":[{"href":"https:\/\/veikals.bebra-speks.lv\/index.php\/wp-json\/wp\/v2\/product\/38","targetHints":{"allow":["GET"]}}],"collection":[{"href":"https:\/\/veikals.bebra-speks.lv\/index.php\/wp-json\/wp\/v2\/product"}],"about":[{"href":"https:\/\/veikals.bebra-speks.lv\/index.php\/wp-json\/wp\/v2\/types\/product"}],"replies":[{"embeddable":true,"href":"https:\/\/veikals.bebra-speks.lv\/index.php\/wp-json\/wp\/v2\/comments?post=38"}],"wp:featuredmedia":[{"embeddable":true,"href":"https:\/\/veikals.bebra-speks.lv\/index.php\/wp-json\/wp\/v2\/media\/39"}],"wp:attachment":[{"href":"https:\/\/veikals.bebra-speks.lv\/index.php\/wp-json\/wp\/v2\/media?parent=38"}],"wp:term":[{"taxonomy":"product_brand","embeddable":true,"href":"https:\/\/veikals.bebra-speks.lv\/index.php\/wp-json\/wp\/v2\/product_brand?post=38"},{"taxonomy":"product_cat","embeddable":true,"href":"https:\/\/veikals.bebra-speks.lv\/index.php\/wp-json\/wp\/v2\/product_cat?post=38"},{"taxonomy":"product_tag","embeddable":true,"href":"https:\/\/veikals.bebra-speks.lv\/index.php\/wp-json\/wp\/v2\/product_tag?post=38"}],"curies":[{"name":"wp","href":"https:\/\/api.w.org\/{rel}","templated":true}]}}